{"id":516,"date":"2021-06-24T01:42:30","date_gmt":"2021-06-23T23:42:30","guid":{"rendered":"https:\/\/cds-filosofia.unina.it\/cds\/?page_id=516"},"modified":"2025-08-08T00:29:05","modified_gmt":"2025-08-07T22:29:05","slug":"pratiche-studenti","status":"publish","type":"page","link":"https:\/\/cds-filosofia.unina.it\/cds\/?page_id=516","title":{"rendered":"Pratiche studenti"},"content":{"rendered":"\t\t<div data-elementor-type=\"wp-page\" data-elementor-id=\"516\" class=\"elementor elementor-516\" data-elementor-settings=\"[]\">\n\t\t\t\t\t\t\t<div class=\"elementor-section-wrap\">\n\t\t\t\t\t\t\t<section class=\"elementor-section elementor-top-section elementor-element elementor-element-b4cd242 elementor-section-boxed elementor-section-height-default elementor-section-height-default\" data-id=\"b4cd242\" data-element_type=\"section\">\n\t\t\t\t\t\t<div class=\"elementor-container elementor-column-gap-default\">\n\t\t\t\t\t<div class=\"elementor-column elementor-col-100 elementor-top-column elementor-element elementor-element-436f001\" data-id=\"436f001\" data-element_type=\"column\">\n\t\t\t<div class=\"elementor-widget-wrap elementor-element-populated\">\n\t\t\t\t\t\t\t\t<div class=\"elementor-element elementor-element-3287eb8 elementor-widget elementor-widget-text-editor\" data-id=\"3287eb8\" data-element_type=\"widget\" data-widget_type=\"text-editor.default\">\n\t\t\t\t<div class=\"elementor-widget-container\">\n\t\t\t\t\t\t\t\t<p><strong>La Presidente della Subcommissione Didattica che segue le Pratiche Studenti \u00e8 la prof.ssa Anna Motta (anna.motta@unina.it). Membro della Subcommissione \u00e8 inoltre il prof. Luigi Laino (luigi.laino@unina.it). Per informazioni e comunicazioni relative alle pratiche \u00e8 attivo un account mail dedicato: triennale.filosofia.napoli@gmail.com.<\/strong><\/p><p><strong>Di Seguito l&#8217;organigramma del CdS e tutte le sue sottocommisioni <\/strong>(utile per individuare i referenti diretti per le proprie pratiche ed esigenze)<\/p><h6><strong>Commissione per il coordinamento Didattico del Corso di Studio<\/strong><\/h6><h6>La Commissione per il coordinamento didattico del Corso di Studio \u00e8 composta da tutti i docenti del CdS.<\/h6><h6><strong>Sottocommissione<\/strong><\/h6><h6>Sottocommissione in riferimento all\u2019art. 4, comma 4, lett. n del Regolamento Didattico di Ateneo relativamente alle competenze della CCD indicate al medesimo art. 4, comma 4, lettere b), c), d) approvata nel <strong>CdD<\/strong> del <strong>22.10.2020<\/strong> p. 8.8 modificata nel CdD del 09.04.2024 p. 6.7 modificata nel CdD del 19.05.2025 p. 4.9.3 <strong>modificata nel CdS del 24.06.2025 p. 4.6<\/strong><\/h6><h6>composta dai seguenti docenti e personale tecnico amministrativo:<\/h6><h6><strong>Prof. Anna MOTTA (Presidente), Prof. Luigi LAINO, Prof. Felice MASI, Prof.ssa Simona VENEZIA; Dott. Antonio PUZIO.<\/strong><\/h6><h6>La Sub-commissione per il Coordinamento didattico del CdS in Filosofia Triennale si occupa del riconoscimento degli esami Erasmus, della convalida dei crediti per ulteriori conoscenze, della valutazione dei requisiti di ammissione, dei passaggi di corso di studi e delle abbreviazioni di carriera.<\/h6><h6><strong>Sottocommissione \u2013 Coordinamento<\/strong><\/h6><table width=\"590\"><tbody><tr><td width=\"181\"><h6><em>Anna<\/em><\/h6><\/td><td width=\"181\"><h6>MOTTA<\/h6><\/td><td width=\"227\"><h6><a href=\"mailto:felice.masi@unina.it\">anna.motta@unina.it<\/a><\/h6><\/td><\/tr><\/tbody><\/table><h6><strong>Sottocommissione &#8211; <\/strong><strong>Riconoscimenti crediti nelle pratiche di trasferimento <\/strong><strong>o ammissione al CdS e valutazione piani di studio<\/strong><\/h6><table width=\"590\"><tbody><tr><td width=\"181\"><h6><em>Luigi<\/em><\/h6><\/td><td width=\"181\"><h6>LAINO<\/h6><\/td><td width=\"227\"><h6><a href=\"mailto:felice.masi@unina.it\">luigi.laino@unina.it<\/a><\/h6><\/td><\/tr><\/tbody><\/table><table width=\"590\"><tbody><tr><td width=\"181\"><h6><em>Felice<\/em><\/h6><\/td><td width=\"181\"><h6>MASI<\/h6><\/td><td width=\"227\"><h6><a href=\"mailto:felice.masi@unina.it\">felice.masi@unina.it<\/a><\/h6><\/td><\/tr><tr><td width=\"181\"><h6><em>Simona<\/em><\/h6><\/td><td width=\"181\"><h6>VENEZIA<\/h6><\/td><td width=\"227\"><h6><a href=\"mailto:simona.venezia@unina.it\">simona.venezia@unina.it<\/a><\/h6><\/td><\/tr><\/tbody><\/table><h6><strong>Sottocommissione &#8211; <\/strong><strong>Riconoscimenti attivit\u00e0 di Ulteriori Conoscenze<\/strong><\/h6><table width=\"590\"><tbody><tr><td width=\"181\"><h6><em>Antonio<\/em><\/h6><\/td><td width=\"181\"><h6>PUZIO<\/h6><\/td><td width=\"227\"><h6><a href=\"mailto:marina.demaio@unina.it\">antonio.puzio@unina.it<\/a><\/h6><\/td><\/tr><\/tbody><\/table><h6><strong>Commissione Orientamento (in ingresso) e attivit\u00e0 tutoriali<\/strong><\/h6><h6>Tutor del CdS in ingresso e in itinere:<\/h6><table width=\"574\"><tbody><tr><td width=\"71\"><h6><em>Prof.<\/em><\/h6><\/td><td width=\"166\"><h6><em>Andrea<\/em><\/h6><\/td><td width=\"158\"><h6>BOCCHETTI<\/h6><\/td><td width=\"179\"><h6><a href=\"mailto:alessandro.arienzo@unina.it\">andrea.bocchetti@unina.it<\/a><\/h6><\/td><\/tr><tr><td width=\"71\"><h6><em>Prof.<\/em><\/h6><\/td><td width=\"166\"><h6><em>Alessandro<\/em><\/h6><\/td><td width=\"158\"><h6>CIASULLO<\/h6><\/td><td width=\"179\"><h6><a href=\"fabiana.gambardella@unina.it\">alessandro.ciasullo@unina.it<\/a><\/h6><\/td><\/tr><tr><td width=\"71\"><h6><em>Prof.<\/em><\/h6><\/td><td width=\"166\"><h6><em>Mario<\/em><\/h6><\/td><td width=\"158\"><h6>COSENZA<\/h6><\/td><td width=\"179\"><h6><a href=\"mailto:gianluca.giannini@unina.it\" data-wplink-edit=\"true\">mario.cosenza@unina.it<\/a><\/h6><\/td><\/tr><tr><td width=\"71\"><h6><em>Prof.ssa<\/em><\/h6><\/td><td width=\"166\"><h6><em>Giulio<\/em><\/h6><\/td><td width=\"158\"><h6>GISONDI<\/h6><\/td><td width=\"179\"><h6><a href=\"mailto:pietro.sebastianelli@unina.it\">annapia.ruoppo@unina.it<\/a><\/h6><\/td><\/tr><tr><td width=\"71\"><h6><em>Prof.<\/em><\/h6><\/td><td width=\"166\"><h6><em>Roberto<\/em><\/h6><\/td><td width=\"158\"><h6>MELISI<\/h6><\/td><td width=\"179\"><h6><a href=\"mailto:fabio.seller@unina.it\" data-wplink-edit=\"true\">roberto.melisi@unina.it<\/a><\/h6><\/td><\/tr><tr><td width=\"71\"><h6><em>Prof.ssa<\/em><\/h6><\/td><td width=\"166\"><h6><em>Simona<\/em><\/h6><\/td><td width=\"158\"><h6>VENEZIA<\/h6><\/td><td width=\"179\"><h6><a href=\"mailto:simona.venezia@unina.it\">simona.venezia@unina.it<\/a><\/h6><\/td><\/tr><\/tbody><\/table><h6><strong style=\"font-size: 1.1em;\">Coordinamento Sedute di Laurea CdS in Filosofia<\/strong><\/h6><h6>Per le Lauree Nuovo Ordinamento (D29) e Nuovissimo Ordinamento (D91):<\/h6><table style=\"height: 69px;\" width=\"506\"><tbody><tr><td width=\"73\"><h6>\u00a0<\/h6><h6><em>Prof.ssa<\/em><\/h6><h6>\u00a0<\/h6><h6><em>Prof.<\/em><\/h6><\/td><td width=\"164\"><h6>\u00a0<\/h6><h6><em>Simona<\/em><\/h6><h6>\u00a0<\/h6><h6><em>Fabio<\/em><\/h6><\/td><td width=\"157\"><h6>\u00a0<\/h6><h6>VENEZIA<\/h6><h6>\u00a0<\/h6><h6>SELLER<\/h6><\/td><td width=\"181\"><h6>\u00a0<\/h6><h6><a href=\"mailto:gianluca.giannini@unina.it\">simona.venezia@unina.it<\/a><\/h6><h6>\u00a0<\/h6><h6>fabio.seller@unina.it<\/h6><\/td><\/tr><\/tbody><\/table><h6>Per le Lauree Vecchio Ordinamento (N58) e Vecchissimo Ordinamento (oo4):<\/h6><table style=\"height: 94px;\" width=\"542\"><tbody><tr><td width=\"73\"><h6><em>Prof.ssa<\/em><\/h6><h6><em>Prof.<\/em><\/h6><\/td><td width=\"164\"><h6><em>Simona<\/em><\/h6><h6><em>Fabio<\/em><\/h6><\/td><td width=\"157\"><h6>VENEZIA<\/h6><h6>SELLER<\/h6><\/td><td width=\"181\"><h6><a href=\"mailto:gianluca.giannini@unina.it\">simona.venezia@unina.it<\/a><\/h6><h6><a href=\"mailto:gianluca.giannini@unina.it\">Fabio.seller@unina.it<\/a><\/h6><\/td><\/tr><\/tbody><\/table><h6><strong>Referente per l&#8217;inclusione<\/strong><\/h6><table width=\"574\"><tbody><tr><td width=\"71\"><h6><em>Prof.ssa<\/em><\/h6><\/td><td width=\"166\"><h6><em>Rosalia<\/em><\/h6><\/td><td width=\"159\"><h6>PELUSO<\/h6><\/td><td width=\"178\"><h6><a href=\"mailto:anna.motta@unina.it\">rosalia.peluso@unina.it<\/a><\/h6><\/td><\/tr><\/tbody><\/table><h6><strong>Referente per gli spazi e orari<\/strong><\/h6><table style=\"height: 42px;\" width=\"318\"><tbody><tr><td width=\"71\"><h6><em>Prof.<\/em><\/h6><\/td><td width=\"163\"><h6><em>Pietro<\/em><\/h6><\/td><td width=\"156\"><h6>SEBASTIANELLI<\/h6><\/td><td width=\"189\"><h6><a href=\"mailto:pietro.sebastianelli@unina.it\">pietro.sebastianelli@unina.it<\/a><\/h6><\/td><\/tr><\/tbody><\/table><h6><strong>Referente per gli appelli degli esami<\/strong><\/h6><table width=\"578\"><tbody><tr><td width=\"71\"><h6><em>Prof.ssa<\/em><\/h6><\/td><td width=\"167\"><h6><em>Roberto<\/em><\/h6><\/td><td width=\"159\"><h6>MELISI<\/h6><\/td><td width=\"182\"><h6><a href=\"mailto:anna.motta@unina.it\">roberto.melisi@unina.it<\/a><\/h6><\/td><\/tr><\/tbody><\/table><h6><strong>Commissione per il monitoraggio dati Ateneo relativi agli studenti<\/strong><\/h6><table width=\"574\"><tbody><tr><td width=\"71\"><h6><em>Prof.<\/em><\/h6><\/td><td width=\"166\"><h6><em>Simona<\/em><\/h6><\/td><td width=\"159\"><h6>VENEZIA<\/h6><\/td><td width=\"178\"><h6><a href=\"mailto:alessandro.arienzo@unina.it\">simona.venezia@unina.it<\/a><\/h6><\/td><\/tr><tr><td width=\"71\"><h6><em>Prof.<\/em><\/h6><\/td><td width=\"166\"><h6><em>Gianluca<\/em><\/h6><\/td><td width=\"159\"><h6>GIANNINI<\/h6><\/td><td width=\"178\"><h6><a href=\"mailto:gianluca.giannini@unina.it\">gianluca.giannini@unina.it<\/a><\/h6><\/td><\/tr><\/tbody><\/table><p><strong>FAQ<\/strong><\/p><p><strong>A chi devo rivolgermi per la convalida delle ulteriori conoscenze?<\/strong><\/p><p>L\u2019istanza va consegnata, corredata di relazione (se si tratta di seminari) o di attestato di frequenza a corsi, all\u2019ufficio didattica.<\/p><p><strong>Voglio cambiare corso di studi. A quale anno sar\u00f2 ammesso?<\/strong><\/p><p>Dipende dagli esami che saranno convalidati. Agli studenti che chiedono di iscriversi al Corso di Studio per passaggio o trasferimento vengono riconosciuti, secondo le modalit\u00e0 previste dal Regolamento di Ateneo, i crediti acquisiti nei settori scientifico-disciplinari presenti nell\u2019offerta formativa del Corso. Per essere iscritti al II anno \u00e8 necessario il riconoscimento di almeno 40 CFU; per essere iscritti al III anno \u00e8 necessario il riconoscimento di almeno 80 CFU.<\/p><p><strong>Quale titolo di Facolt\u00e0 teologica mi consente l\u2019accesso al CdS con riconoscimento di crediti?<\/strong><\/p><p>Il Baccellierato, sempre che sia stato vidimato dalle autorit\u00e0 di Citt\u00e0 del Vaticano.<\/p>\t\t\t\t\t\t<\/div>\n\t\t\t\t<\/div>\n\t\t\t\t\t<\/div>\n\t\t<\/div>\n\t\t\t\t\t\t\t<\/div>\n\t\t<\/section>\n\t\t\t\t\t\t<\/div>\n\t\t\t\t\t<\/div>\n\t\t","protected":false},"excerpt":{"rendered":"<p>La Presidente della Subcommissione Didattica che segue le Pratiche Studenti \u00e8 la prof.ssa Anna Motta (anna.motta@unina.it). Membro della Subcommissione \u00e8 inoltre il prof. Luigi Laino (luigi.laino@unina.it). Per informazioni e comunicazioni relative alle pratiche \u00e8 attivo un account mail dedicato: triennale.filosofia.napoli@gmail.com. Di Seguito l&#8217;organigramma del CdS e tutte le sue sottocommisioni (utile per individuare i referenti &hellip;<\/p>\n<p class=\"read-more\"> <a class=\"\" href=\"https:\/\/cds-filosofia.unina.it\/cds\/?page_id=516\"> <span class=\"screen-reader-text\">Pratiche studenti<\/span> Leggi altro &raquo;<\/a><\/p>\n","protected":false},"author":2,"featured_media":0,"parent":0,"menu_order":0,"comment_status":"closed","ping_status":"closed","template":"","meta":[],"_links":{"self":[{"href":"https:\/\/cds-filosofia.unina.it\/cds\/index.php?rest_route=\/wp\/v2\/pages\/516"}],"collection":[{"href":"https:\/\/cds-filosofia.unina.it\/cds\/index.php?rest_route=\/wp\/v2\/pages"}],"about":[{"href":"https:\/\/cds-filosofia.unina.it\/cds\/index.php?rest_route=\/wp\/v2\/types\/page"}],"author":[{"embeddable":true,"href":"https:\/\/cds-filosofia.unina.it\/cds\/index.php?rest_route=\/wp\/v2\/users\/2"}],"replies":[{"embeddable":true,"href":"https:\/\/cds-filosofia.unina.it\/cds\/index.php?rest_route=%2Fwp%2Fv2%2Fcomments&post=516"}],"version-history":[{"count":103,"href":"https:\/\/cds-filosofia.unina.it\/cds\/index.php?rest_route=\/wp\/v2\/pages\/516\/revisions"}],"predecessor-version":[{"id":3353,"href":"https:\/\/cds-filosofia.unina.it\/cds\/index.php?rest_route=\/wp\/v2\/pages\/516\/revisions\/3353"}],"wp:attachment":[{"href":"https:\/\/cds-filosofia.unina.it\/cds\/index.php?rest_route=%2Fwp%2Fv2%2Fmedia&parent=516"}],"curies":[{"name":"wp","href":"https:\/\/api.w.org\/{rel}","templated":true}]}}